{"id":10,"date":"2012-05-31T14:34:27","date_gmt":"2012-05-31T14:34:27","guid":{"rendered":"http:\/\/www.autorelli.com.br\/site\/?page_id=10"},"modified":"2019-08-20T13:41:43","modified_gmt":"2019-08-20T13:41:43","slug":"servicos","status":"publish","type":"page","link":"https:\/\/www.autorelli.com.br\/site\/servicos\/","title":{"rendered":"SERVI\u00c7OS"},"content":{"rendered":"<p>[vc_row][vc_column width=&#8221;1\/3&#8243;][vc_column_text css_animation=&#8221;fadeInUp&#8221;]<\/p>\n<p style=\"text-align: justify;\">Alinhamento, balanceamento e rod\u00edzio s\u00e3o indicados a cada 10 mil km para garantir o comportamento din\u00e2mico na estrada e a vida \u00fatil dos pneus.<\/p>\n<p>[\/vc_column_text][\/vc_column][vc_column width=&#8221;1\/3&#8243;][vc_column_text]<\/p>\n<p style=\"text-align: justify;\">As bolhas s\u00e3o causadas por impacto\u00a0 contra buracos ou meio fio, \u00a0aumentam de tamanho e podem romper causando perda s\u00fabita de press\u00e3o do pneu.<\/p>\n<p>[\/vc_column_text][\/vc_column][vc_column width=&#8221;1\/3&#8243;][vc_column_text]<\/p>\n<p style=\"text-align: justify;\">A calibragem dos pneus s\u00e3o de acordo com os fabricantes, geram economia de combust\u00edvel e aumentam a vida \u00fatil dos pneus.<\/p>\n<p>[\/vc_column_text][\/vc_column][\/vc_row][vc_row][vc_column][vc_column_text css_animation=&#8221;fadeInUp&#8221;]Confira os nossos principais servi\u00e7os:[\/vc_column_text][\/vc_column][\/vc_row][vc_row][vc_column width=&#8221;1\/2&#8243;][vc_column_text css_animation=&#8221;fadeInUp&#8221;]Alinhamento e \u00a0Geometria<\/p>\n<p>Balanceamento de rodas<\/p>\n<p>Cambagem \/ Caster<\/p>\n<p>Conserto de pneu<\/p>\n<p>Conserto de rodas<\/p>\n<p>Freios<\/p>\n<p>Montagem de pneus<\/p>\n<p>Suspens\u00e3o[\/vc_column_text][\/vc_column][vc_column width=&#8221;1\/2&#8243;][vc_single_image image=&#8221;810&#8243; img_size=&#8221;full&#8221;][\/vc_column][\/vc_row][vc_row][vc_column][vc_column_text css_animation=&#8221;fadeInUp&#8221;]Instala\u00e7\u00e3o de escapamentos<\/p>\n\n\t\t\t<style type='text\/css'>\n\t\t\t\t#gallery-1 {\n\t\t\t\t\tmargin: auto;\n\t\t\t\t}\n\t\t\t\t#gallery-1 .gallery-item {\n\t\t\t\t\tfloat: left;\n\t\t\t\t\tmargin-top: 10px;\n\t\t\t\t\ttext-align: center;\n\t\t\t\t\twidth: 33%;\n\t\t\t\t}\n\t\t\t\t#gallery-1 img {\n\t\t\t\t\tborder: 2px solid #cfcfcf;\n\t\t\t\t}\n\t\t\t\t#gallery-1 .gallery-caption {\n\t\t\t\t\tmargin-left: 0;\n\t\t\t\t}\n\t\t\t\t\/* see gallery_shortcode() in wp-includes\/media.php *\/\n\t\t\t<\/style>\n\t\t<div id='gallery-1' class='dt-gallery-container gallery galleryid-788 gallery-columns-3 gallery-size-medium'><dl class='gallery-item'>\n\t\t\t\t<dt class='gallery-icon landscape'>\n\t\t\t\t\t<a class=\"rollover rollover-zoom dt-pswp-item\" title=\"092\" data-dt-img-description=\"\" data-large_image_width=\"800\" data-large_image_height=\"536\"data-description='' title='092' href='https:\/\/www.autorelli.com.br\/site\/wp-content\/uploads\/2019\/08\/092.jpg'><img loading=\"lazy\" decoding=\"async\" width=\"300\" height=\"201\" src=\"https:\/\/www.autorelli.com.br\/site\/wp-content\/uploads\/2019\/08\/092-300x201.jpg\" class=\"attachment-medium size-medium\" alt=\"\" srcset=\"https:\/\/www.autorelli.com.br\/site\/wp-content\/uploads\/2019\/08\/092-300x201.jpg 300w, https:\/\/www.autorelli.com.br\/site\/wp-content\/uploads\/2019\/08\/092.jpg 800w, https:\/\/www.autorelli.com.br\/site\/wp-content\/uploads\/2019\/08\/092-300x201@2x.jpg 600w\" sizes=\"auto, (max-width: 300px) 100vw, 300px\" \/><\/a>\n\t\t\t\t<\/dt><\/dl><dl class='gallery-item'>\n\t\t\t\t<dt class='gallery-icon landscape'>\n\t\t\t\t\t<a class=\"rollover rollover-zoom dt-pswp-item\" title=\"097\" data-dt-img-description=\"\" data-large_image_width=\"800\" data-large_image_height=\"516\"data-description='' title='097' href='https:\/\/www.autorelli.com.br\/site\/wp-content\/uploads\/2019\/08\/097.jpg'><img loading=\"lazy\" decoding=\"async\" width=\"300\" height=\"194\" src=\"https:\/\/www.autorelli.com.br\/site\/wp-content\/uploads\/2019\/08\/097-300x194.jpg\" class=\"attachment-medium size-medium\" alt=\"\" srcset=\"https:\/\/www.autorelli.com.br\/site\/wp-content\/uploads\/2019\/08\/097-300x194.jpg 300w, https:\/\/www.autorelli.com.br\/site\/wp-content\/uploads\/2019\/08\/097.jpg 800w, https:\/\/www.autorelli.com.br\/site\/wp-content\/uploads\/2019\/08\/097-300x194@2x.jpg 600w\" sizes=\"auto, (max-width: 300px) 100vw, 300px\" \/><\/a>\n\t\t\t\t<\/dt><\/dl><dl class='gallery-item'>\n\t\t\t\t<dt class='gallery-icon landscape'>\n\t\t\t\t\t<a class=\"rollover rollover-zoom dt-pswp-item\" title=\"escap-1\" data-dt-img-description=\"\" data-large_image_width=\"800\" data-large_image_height=\"622\"data-description='' title='escap-1' href='https:\/\/www.autorelli.com.br\/site\/wp-content\/uploads\/2019\/08\/escap-1.jpg'><img loading=\"lazy\" decoding=\"async\" width=\"300\" height=\"233\" src=\"https:\/\/www.autorelli.com.br\/site\/wp-content\/uploads\/2019\/08\/escap-1-300x233.jpg\" class=\"attachment-medium size-medium\" alt=\"\" srcset=\"https:\/\/www.autorelli.com.br\/site\/wp-content\/uploads\/2019\/08\/escap-1-300x233.jpg 300w, https:\/\/www.autorelli.com.br\/site\/wp-content\/uploads\/2019\/08\/escap-1.jpg 800w, https:\/\/www.autorelli.com.br\/site\/wp-content\/uploads\/2019\/08\/escap-1-300x233@2x.jpg 600w\" sizes=\"auto, (max-width: 300px) 100vw, 300px\" \/><\/a>\n\t\t\t\t<\/dt><\/dl><br style=\"clear: both\" \/><dl class='gallery-item'>\n\t\t\t\t<dt class='gallery-icon landscape'>\n\t\t\t\t\t<a class=\"rollover rollover-zoom dt-pswp-item\" title=\"escap-2\" data-dt-img-description=\"\" data-large_image_width=\"800\" data-large_image_height=\"622\"data-description='' title='escap-2' href='https:\/\/www.autorelli.com.br\/site\/wp-content\/uploads\/2019\/08\/escap-2.jpg'><img loading=\"lazy\" decoding=\"async\" width=\"300\" height=\"233\" src=\"https:\/\/www.autorelli.com.br\/site\/wp-content\/uploads\/2019\/08\/escap-2-300x233.jpg\" class=\"attachment-medium size-medium\" alt=\"\" srcset=\"https:\/\/www.autorelli.com.br\/site\/wp-content\/uploads\/2019\/08\/escap-2-300x233.jpg 300w, https:\/\/www.autorelli.com.br\/site\/wp-content\/uploads\/2019\/08\/escap-2.jpg 800w, https:\/\/www.autorelli.com.br\/site\/wp-content\/uploads\/2019\/08\/escap-2-300x233@2x.jpg 600w\" sizes=\"auto, (max-width: 300px) 100vw, 300px\" \/><\/a>\n\t\t\t\t<\/dt><\/dl><dl class='gallery-item'>\n\t\t\t\t<dt class='gallery-icon landscape'>\n\t\t\t\t\t<a class=\"rollover rollover-zoom dt-pswp-item\" title=\"escap-3\" data-dt-img-description=\"\" data-large_image_width=\"800\" data-large_image_height=\"622\"data-description='' title='escap-3' href='https:\/\/www.autorelli.com.br\/site\/wp-content\/uploads\/2019\/08\/escap-3.jpg'><img loading=\"lazy\" decoding=\"async\" width=\"300\" height=\"233\" src=\"https:\/\/www.autorelli.com.br\/site\/wp-content\/uploads\/2019\/08\/escap-3-300x233.jpg\" class=\"attachment-medium size-medium\" alt=\"\" srcset=\"https:\/\/www.autorelli.com.br\/site\/wp-content\/uploads\/2019\/08\/escap-3-300x233.jpg 300w, https:\/\/www.autorelli.com.br\/site\/wp-content\/uploads\/2019\/08\/escap-3.jpg 800w, https:\/\/www.autorelli.com.br\/site\/wp-content\/uploads\/2019\/08\/escap-3-300x233@2x.jpg 600w\" sizes=\"auto, (max-width: 300px) 100vw, 300px\" \/><\/a>\n\t\t\t\t<\/dt><\/dl><dl class='gallery-item'>\n\t\t\t\t<dt class='gallery-icon landscape'>\n\t\t\t\t\t<a class=\"rollover rollover-zoom dt-pswp-item\" title=\"escap-4\" data-dt-img-description=\"\" data-large_image_width=\"800\" data-large_image_height=\"622\"data-description='' title='escap-4' href='https:\/\/www.autorelli.com.br\/site\/wp-content\/uploads\/2019\/08\/escap-4.jpg'><img loading=\"lazy\" decoding=\"async\" width=\"300\" height=\"233\" src=\"https:\/\/www.autorelli.com.br\/site\/wp-content\/uploads\/2019\/08\/escap-4-300x233.jpg\" class=\"attachment-medium size-medium\" alt=\"\" srcset=\"https:\/\/www.autorelli.com.br\/site\/wp-content\/uploads\/2019\/08\/escap-4-300x233.jpg 300w, https:\/\/www.autorelli.com.br\/site\/wp-content\/uploads\/2019\/08\/escap-4.jpg 800w, https:\/\/www.autorelli.com.br\/site\/wp-content\/uploads\/2019\/08\/escap-4-300x233@2x.jpg 600w\" sizes=\"auto, (max-width: 300px) 100vw, 300px\" \/><\/a>\n\t\t\t\t<\/dt><\/dl><br style=\"clear: both\" \/>\n\t\t\t<\/div>\n\n<p>Balanceamento<\/p>\n\n\t\t\t<style type='text\/css'>\n\t\t\t\t#gallery-2 {\n\t\t\t\t\tmargin: auto;\n\t\t\t\t}\n\t\t\t\t#gallery-2 .gallery-item {\n\t\t\t\t\tfloat: left;\n\t\t\t\t\tmargin-top: 10px;\n\t\t\t\t\ttext-align: center;\n\t\t\t\t\twidth: 33%;\n\t\t\t\t}\n\t\t\t\t#gallery-2 img {\n\t\t\t\t\tborder: 2px solid #cfcfcf;\n\t\t\t\t}\n\t\t\t\t#gallery-2 .gallery-caption {\n\t\t\t\t\tmargin-left: 0;\n\t\t\t\t}\n\t\t\t\t\/* see gallery_shortcode() in wp-includes\/media.php *\/\n\t\t\t<\/style>\n\t\t<div id='gallery-2' class='dt-gallery-container gallery galleryid-801 gallery-columns-3 gallery-size-medium'><dl class='gallery-item'>\n\t\t\t\t<dt class='gallery-icon portrait'>\n\t\t\t\t\t<a class=\"rollover rollover-zoom dt-pswp-item\" title=\"084\" data-dt-img-description=\"\" data-large_image_width=\"630\" data-large_image_height=\"800\"data-description='' title='084' href='https:\/\/www.autorelli.com.br\/site\/wp-content\/uploads\/2019\/08\/084.jpg'><img loading=\"lazy\" decoding=\"async\" width=\"236\" height=\"300\" src=\"https:\/\/www.autorelli.com.br\/site\/wp-content\/uploads\/2019\/08\/084-236x300.jpg\" class=\"attachment-medium size-medium\" alt=\"\" srcset=\"https:\/\/www.autorelli.com.br\/site\/wp-content\/uploads\/2019\/08\/084-236x300.jpg 236w, https:\/\/www.autorelli.com.br\/site\/wp-content\/uploads\/2019\/08\/084.jpg 630w, https:\/\/www.autorelli.com.br\/site\/wp-content\/uploads\/2019\/08\/084-236x300@2x.jpg 472w\" sizes=\"auto, (max-width: 236px) 100vw, 236px\" \/><\/a>\n\t\t\t\t<\/dt><\/dl><dl class='gallery-item'>\n\t\t\t\t<dt class='gallery-icon portrait'>\n\t\t\t\t\t<a class=\"rollover rollover-zoom dt-pswp-item\" title=\"090\" data-dt-img-description=\"\" data-large_image_width=\"652\" data-large_image_height=\"800\"data-description='' title='090' href='https:\/\/www.autorelli.com.br\/site\/wp-content\/uploads\/2019\/08\/090.jpg'><img loading=\"lazy\" decoding=\"async\" width=\"245\" height=\"300\" src=\"https:\/\/www.autorelli.com.br\/site\/wp-content\/uploads\/2019\/08\/090-245x300.jpg\" class=\"attachment-medium size-medium\" alt=\"\" srcset=\"https:\/\/www.autorelli.com.br\/site\/wp-content\/uploads\/2019\/08\/090-245x300.jpg 245w, https:\/\/www.autorelli.com.br\/site\/wp-content\/uploads\/2019\/08\/090.jpg 652w, https:\/\/www.autorelli.com.br\/site\/wp-content\/uploads\/2019\/08\/090-245x300@2x.jpg 490w\" sizes=\"auto, (max-width: 245px) 100vw, 245px\" \/><\/a>\n\t\t\t\t<\/dt><\/dl>\n\t\t\t\t<br style='clear: both' \/>\n\t\t\t<\/div>\n\n<p>Alinhamento<\/p>\n\n\t\t\t<style type='text\/css'>\n\t\t\t\t#gallery-3 {\n\t\t\t\t\tmargin: auto;\n\t\t\t\t}\n\t\t\t\t#gallery-3 .gallery-item {\n\t\t\t\t\tfloat: left;\n\t\t\t\t\tmargin-top: 10px;\n\t\t\t\t\ttext-align: center;\n\t\t\t\t\twidth: 33%;\n\t\t\t\t}\n\t\t\t\t#gallery-3 img {\n\t\t\t\t\tborder: 2px solid #cfcfcf;\n\t\t\t\t}\n\t\t\t\t#gallery-3 .gallery-caption {\n\t\t\t\t\tmargin-left: 0;\n\t\t\t\t}\n\t\t\t\t\/* see gallery_shortcode() in wp-includes\/media.php *\/\n\t\t\t<\/style>\n\t\t<div id='gallery-3' class='dt-gallery-container gallery galleryid-804 gallery-columns-3 gallery-size-medium'><dl class='gallery-item'>\n\t\t\t\t<dt class='gallery-icon landscape'>\n\t\t\t\t\t<a class=\"rollover rollover-zoom dt-pswp-item\" title=\"393\" data-dt-img-description=\"\" data-large_image_width=\"1000\" data-large_image_height=\"667\"data-description='' title='393' href='https:\/\/www.autorelli.com.br\/site\/wp-content\/uploads\/2019\/12\/393.jpg'><img loading=\"lazy\" decoding=\"async\" width=\"300\" height=\"200\" src=\"https:\/\/www.autorelli.com.br\/site\/wp-content\/uploads\/2019\/12\/393-300x200.jpg\" class=\"attachment-medium size-medium\" alt=\"\" srcset=\"https:\/\/www.autorelli.com.br\/site\/wp-content\/uploads\/2019\/12\/393-300x200.jpg 300w, https:\/\/www.autorelli.com.br\/site\/wp-content\/uploads\/2019\/12\/393.jpg 1000w, https:\/\/www.autorelli.com.br\/site\/wp-content\/uploads\/2019\/12\/393-300x200@2x.jpg 600w\" sizes=\"auto, (max-width: 300px) 100vw, 300px\" \/><\/a>\n\t\t\t\t<\/dt><\/dl><dl class='gallery-item'>\n\t\t\t\t<dt class='gallery-icon landscape'>\n\t\t\t\t\t<a class=\"rollover rollover-zoom dt-pswp-item\" title=\"383\" data-dt-img-description=\"\" data-large_image_width=\"1000\" data-large_image_height=\"667\"data-description='' title='383' href='https:\/\/www.autorelli.com.br\/site\/wp-content\/uploads\/2019\/12\/383.jpg'><img loading=\"lazy\" decoding=\"async\" width=\"300\" height=\"200\" src=\"https:\/\/www.autorelli.com.br\/site\/wp-content\/uploads\/2019\/12\/383-300x200.jpg\" class=\"attachment-medium size-medium\" alt=\"\" srcset=\"https:\/\/www.autorelli.com.br\/site\/wp-content\/uploads\/2019\/12\/383-300x200.jpg 300w, https:\/\/www.autorelli.com.br\/site\/wp-content\/uploads\/2019\/12\/383.jpg 1000w, https:\/\/www.autorelli.com.br\/site\/wp-content\/uploads\/2019\/12\/383-300x200@2x.jpg 600w\" sizes=\"auto, (max-width: 300px) 100vw, 300px\" \/><\/a>\n\t\t\t\t<\/dt><\/dl><dl class='gallery-item'>\n\t\t\t\t<dt class='gallery-icon landscape'>\n\t\t\t\t\t<a class=\"rollover rollover-zoom dt-pswp-item\" title=\"397\" data-dt-img-description=\"\" data-large_image_width=\"1000\" data-large_image_height=\"667\"data-description='' title='397' href='https:\/\/www.autorelli.com.br\/site\/wp-content\/uploads\/2019\/12\/397.jpg'><img loading=\"lazy\" decoding=\"async\" width=\"300\" height=\"200\" src=\"https:\/\/www.autorelli.com.br\/site\/wp-content\/uploads\/2019\/12\/397-300x200.jpg\" class=\"attachment-medium size-medium\" alt=\"\" srcset=\"https:\/\/www.autorelli.com.br\/site\/wp-content\/uploads\/2019\/12\/397-300x200.jpg 300w, https:\/\/www.autorelli.com.br\/site\/wp-content\/uploads\/2019\/12\/397.jpg 1000w, https:\/\/www.autorelli.com.br\/site\/wp-content\/uploads\/2019\/12\/397-300x200@2x.jpg 600w\" sizes=\"auto, (max-width: 300px) 100vw, 300px\" \/><\/a>\n\t\t\t\t<\/dt><\/dl><br style=\"clear: both\" \/>\n\t\t\t<\/div>\n\n<p>[\/vc_column_text][\/vc_column][\/vc_row]<\/p>\n<p>&nbsp;<\/p>\n","protected":false},"excerpt":{"rendered":"<p>[vc_row][vc_column width=&#8221;1\/3&#8243;][vc_column_text css_animation=&#8221;fadeInUp&#8221;] Alinhamento, balanceamento e rod\u00edzio s\u00e3o indicados a cada 10 mil km para garantir o comportamento din\u00e2mico na estrada e a vida \u00fatil dos pneus. [\/vc_column_text][\/vc_column][vc_column width=&#8221;1\/3&#8243;][vc_column_text] As bolhas s\u00e3o causadas por impacto\u00a0 contra buracos ou meio fio, \u00a0aumentam de tamanho e podem romper causando perda s\u00fabita de press\u00e3o do pneu. [\/vc_column_text][\/vc_column][vc_column width=&#8221;1\/3&#8243;][vc_column_text]&hellip;<\/p>\n","protected":false},"author":3,"featured_media":0,"parent":0,"menu_order":10,"comment_status":"open","ping_status":"closed","template":"","meta":{"give_campaign_id":0,"footnotes":""},"class_list":["post-10","page","type-page","status-publish","hentry","gallery-content-unit","description-off"],"campaignId":"","_links":{"self":[{"href":"https:\/\/www.autorelli.com.br\/site\/wp-json\/wp\/v2\/pages\/10","targetHints":{"allow":["GET"]}}],"collection":[{"href":"https:\/\/www.autorelli.com.br\/site\/wp-json\/wp\/v2\/pages"}],"about":[{"href":"https:\/\/www.autorelli.com.br\/site\/wp-json\/wp\/v2\/types\/page"}],"author":[{"embeddable":true,"href":"https:\/\/www.autorelli.com.br\/site\/wp-json\/wp\/v2\/users\/3"}],"replies":[{"embeddable":true,"href":"https:\/\/www.autorelli.com.br\/site\/wp-json\/wp\/v2\/comments?post=10"}],"version-history":[{"count":0,"href":"https:\/\/www.autorelli.com.br\/site\/wp-json\/wp\/v2\/pages\/10\/revisions"}],"wp:attachment":[{"href":"https:\/\/www.autorelli.com.br\/site\/wp-json\/wp\/v2\/media?parent=10"}],"curies":[{"name":"wp","href":"https:\/\/api.w.org\/{rel}","templated":true}]}}