{"id":1402,"date":"2023-02-15T02:22:02","date_gmt":"2023-02-15T02:22:02","guid":{"rendered":"https:\/\/www.autorelli.com.br\/site\/?page_id=1402"},"modified":"2023-02-15T02:43:46","modified_gmt":"2023-02-15T02:43:46","slug":"pneu-sunwide-185-60-r15-345-cada","status":"publish","type":"page","link":"https:\/\/www.autorelli.com.br\/site\/promocao\/pneu-sunwide-185-60-r15-345-cada\/","title":{"rendered":"Pneu Sunwide 185\/60 R15 &#8211; R$ 345,00 cada"},"content":{"rendered":"<p>[vc_row][vc_column width=&#8221;1\/2&#8243;][vc_single_image image=&#8221;1410&#8243; img_size=&#8221;full&#8221; add_caption=&#8221;yes&#8221;][vc_column_text]<\/p>\n<h1><span style=\"color: #ff0000;\">TELEVENDAS<\/span><\/h1>\n<h1>Matriz Fortaleza:<\/h1>\n<h3>(47) 3339.4510 \/ 3339.0439<\/h3>\n<h3><span style=\"color: #008000;\">47\u00a0 98454.3773\u00a0 \u00a0WhatsApp<\/span><\/h3>\n<h1><\/h1>\n<p>[\/vc_column_text][\/vc_column][vc_column width=&#8221;1\/2&#8243;][vc_custom_heading text=&#8221;PROMO\u00c7\u00c3O R$ 345,00&#8243;][vc_column_text]<\/p>\n<h1><span style=\"color: #ff0000;\">Super Promo\u00e7\u00e3o<\/span><\/h1>\n<h3><span style=\"color: #ff0000;\">R$ 345,00 em 4 X cart\u00e3o<\/span><\/h3>\n<p>Est\u00e1 precisando de um Pneu de Qualidade e Alta Performance?<\/p>\n<p>Pneus Montados + Balanceamento<\/p>\n<p>Seu carro de pneus novos novamente[\/vc_column_text][vc_separator][vc_column_text]<\/p>\n<h1><span style=\"color: #ff0000;\">TELEVENDAS<\/span><\/h1>\n<h1><\/h1>\n<h1>Filial \u00c1gua Verde:<\/h1>\n<h3>(47) 3328.5852 \/ 3328.1544<\/h3>\n<h3><span style=\"color: #008000;\">47\u00a0 98496.9371\u00a0 WhatsApp<\/span><\/h3>\n<p>[\/vc_column_text][\/vc_column][\/vc_row][vc_row][vc_column][vc_separator][\/vc_column][\/vc_row][vc_row][vc_column width=&#8221;1\/2&#8243;][vc_single_image image=&#8221;842&#8243; img_size=&#8221;full&#8221; add_caption=&#8221;yes&#8221; alignment=&#8221;center&#8221; style=&#8221;vc_box_border&#8221; title=&#8221;Solicite um Or\u00e7amento Agora&#8221;][\/vc_column][vc_column width=&#8221;1\/2&#8243;]<!-- WPForms: no fields, form hidden -->[\/vc_column][\/vc_row][vc_row][vc_column][vc_separator][\/vc_column][\/vc_row][vc_row][vc_column][vc_column_text css_animation=&#8221;fadeInUp&#8221;]<\/p>\n\n\t\t\t<style type='text\/css'>\n\t\t\t\t#gallery-1 {\n\t\t\t\t\tmargin: auto;\n\t\t\t\t}\n\t\t\t\t#gallery-1 .gallery-item {\n\t\t\t\t\tfloat: left;\n\t\t\t\t\tmargin-top: 10px;\n\t\t\t\t\ttext-align: center;\n\t\t\t\t\twidth: 33%;\n\t\t\t\t}\n\t\t\t\t#gallery-1 img {\n\t\t\t\t\tborder: 2px solid #cfcfcf;\n\t\t\t\t}\n\t\t\t\t#gallery-1 .gallery-caption {\n\t\t\t\t\tmargin-left: 0;\n\t\t\t\t}\n\t\t\t\t\/* see gallery_shortcode() in wp-includes\/media.php *\/\n\t\t\t<\/style>\n\t\t<div id='gallery-1' class='dt-gallery-container gallery galleryid-804 gallery-columns-3 gallery-size-medium'><dl class='gallery-item'>\n\t\t\t\t<dt class='gallery-icon landscape'>\n\t\t\t\t\t<a class=\"rollover rollover-zoom dt-pswp-item\" title=\"393\" data-dt-img-description=\"\" data-large_image_width=\"1000\" data-large_image_height=\"667\"data-description='' title='393' href='https:\/\/www.autorelli.com.br\/site\/wp-content\/uploads\/2019\/12\/393.jpg'><img fetchpriority=\"high\" decoding=\"async\" width=\"300\" height=\"200\" src=\"https:\/\/www.autorelli.com.br\/site\/wp-content\/uploads\/2019\/12\/393-300x200.jpg\" class=\"attachment-medium size-medium\" alt=\"\" srcset=\"https:\/\/www.autorelli.com.br\/site\/wp-content\/uploads\/2019\/12\/393-300x200.jpg 300w, https:\/\/www.autorelli.com.br\/site\/wp-content\/uploads\/2019\/12\/393.jpg 1000w, https:\/\/www.autorelli.com.br\/site\/wp-content\/uploads\/2019\/12\/393-300x200@2x.jpg 600w\" sizes=\"(max-width: 300px) 100vw, 300px\" \/><\/a>\n\t\t\t\t<\/dt><\/dl><dl class='gallery-item'>\n\t\t\t\t<dt class='gallery-icon landscape'>\n\t\t\t\t\t<a class=\"rollover rollover-zoom dt-pswp-item\" title=\"383\" data-dt-img-description=\"\" data-large_image_width=\"1000\" data-large_image_height=\"667\"data-description='' title='383' href='https:\/\/www.autorelli.com.br\/site\/wp-content\/uploads\/2019\/12\/383.jpg'><img decoding=\"async\" width=\"300\" height=\"200\" src=\"https:\/\/www.autorelli.com.br\/site\/wp-content\/uploads\/2019\/12\/383-300x200.jpg\" class=\"attachment-medium size-medium\" alt=\"\" srcset=\"https:\/\/www.autorelli.com.br\/site\/wp-content\/uploads\/2019\/12\/383-300x200.jpg 300w, https:\/\/www.autorelli.com.br\/site\/wp-content\/uploads\/2019\/12\/383.jpg 1000w, https:\/\/www.autorelli.com.br\/site\/wp-content\/uploads\/2019\/12\/383-300x200@2x.jpg 600w\" sizes=\"(max-width: 300px) 100vw, 300px\" \/><\/a>\n\t\t\t\t<\/dt><\/dl><dl class='gallery-item'>\n\t\t\t\t<dt class='gallery-icon landscape'>\n\t\t\t\t\t<a class=\"rollover rollover-zoom dt-pswp-item\" title=\"397\" data-dt-img-description=\"\" data-large_image_width=\"1000\" data-large_image_height=\"667\"data-description='' title='397' href='https:\/\/www.autorelli.com.br\/site\/wp-content\/uploads\/2019\/12\/397.jpg'><img decoding=\"async\" width=\"300\" height=\"200\" src=\"https:\/\/www.autorelli.com.br\/site\/wp-content\/uploads\/2019\/12\/397-300x200.jpg\" class=\"attachment-medium size-medium\" alt=\"\" srcset=\"https:\/\/www.autorelli.com.br\/site\/wp-content\/uploads\/2019\/12\/397-300x200.jpg 300w, https:\/\/www.autorelli.com.br\/site\/wp-content\/uploads\/2019\/12\/397.jpg 1000w, https:\/\/www.autorelli.com.br\/site\/wp-content\/uploads\/2019\/12\/397-300x200@2x.jpg 600w\" sizes=\"(max-width: 300px) 100vw, 300px\" \/><\/a>\n\t\t\t\t<\/dt><\/dl><br style=\"clear: both\" \/>\n\t\t\t<\/div>\n\n<p>[\/vc_column_text][\/vc_column][\/vc_row]<\/p>\n","protected":false},"excerpt":{"rendered":"<p>[vc_row][vc_column width=&#8221;1\/2&#8243;][vc_single_image image=&#8221;1410&#8243; img_size=&#8221;full&#8221; add_caption=&#8221;yes&#8221;][vc_column_text] TELEVENDAS Matriz Fortaleza: (47) 3339.4510 \/ 3339.0439 47\u00a0 98454.3773\u00a0 \u00a0WhatsApp [\/vc_column_text][\/vc_column][vc_column width=&#8221;1\/2&#8243;][vc_custom_heading text=&#8221;PROMO\u00c7\u00c3O R$ 345,00&#8243;][vc_column_text] Super Promo\u00e7\u00e3o R$ 345,00 em 4 X cart\u00e3o Est\u00e1 precisando de um Pneu de Qualidade e Alta Performance? Pneus Montados + Balanceamento Seu carro de pneus novos novamente[\/vc_column_text][vc_separator][vc_column_text] TELEVENDAS Filial \u00c1gua Verde: (47) 3328.5852 \/&hellip;<\/p>\n","protected":false},"author":3,"featured_media":0,"parent":524,"menu_order":0,"comment_status":"closed","ping_status":"closed","template":"","meta":{"give_campaign_id":0,"footnotes":""},"class_list":["post-1402","page","type-page","status-publish","hentry","gallery-content-unit","description-off"],"campaignId":"","_links":{"self":[{"href":"https:\/\/www.autorelli.com.br\/site\/wp-json\/wp\/v2\/pages\/1402","targetHints":{"allow":["GET"]}}],"collection":[{"href":"https:\/\/www.autorelli.com.br\/site\/wp-json\/wp\/v2\/pages"}],"about":[{"href":"https:\/\/www.autorelli.com.br\/site\/wp-json\/wp\/v2\/types\/page"}],"author":[{"embeddable":true,"href":"https:\/\/www.autorelli.com.br\/site\/wp-json\/wp\/v2\/users\/3"}],"replies":[{"embeddable":true,"href":"https:\/\/www.autorelli.com.br\/site\/wp-json\/wp\/v2\/comments?post=1402"}],"version-history":[{"count":4,"href":"https:\/\/www.autorelli.com.br\/site\/wp-json\/wp\/v2\/pages\/1402\/revisions"}],"predecessor-version":[{"id":1418,"href":"https:\/\/www.autorelli.com.br\/site\/wp-json\/wp\/v2\/pages\/1402\/revisions\/1418"}],"up":[{"embeddable":true,"href":"https:\/\/www.autorelli.com.br\/site\/wp-json\/wp\/v2\/pages\/524"}],"wp:attachment":[{"href":"https:\/\/www.autorelli.com.br\/site\/wp-json\/wp\/v2\/media?parent=1402"}],"curies":[{"name":"wp","href":"https:\/\/api.w.org\/{rel}","templated":true}]}}