{"id":53,"date":"2012-06-12T13:39:38","date_gmt":"2012-06-12T13:39:38","guid":{"rendered":"http:\/\/www.autorelli.com.br\/site\/?page_id=53"},"modified":"2023-06-29T21:19:20","modified_gmt":"2023-06-29T21:19:20","slug":"pneus-para-motos","status":"publish","type":"page","link":"https:\/\/www.autorelli.com.br\/site\/produtos\/pneus-para-motos\/","title":{"rendered":"PNEUS PARA MOTOS"},"content":{"rendered":"<p>[vc_row][vc_column width=&#8221;1\/2&#8243;]<div class=\"ult-new-ib ult-ib-effect-style1  ult-ib-resp  \" data-min-width=\"768\" data-max-width=\"900\" style=\"\" data-opacity=\"1\" data-hover-opacity=\"1\" ><img decoding=\"async\" class=\"ult-new-ib-img\" style=\"opacity:1;\" alt=\"null\" src=\"https:\/\/www.autorelli.com.br\/site\/wp-content\/uploads\/2023\/06\/12-2.jpg\"   \/><div id=\"interactive-banner-wrap-9461\" class=\"ult-new-ib-desc\" style=\"\"><h2 class=\"ult-new-ib-title ult-responsive\"  data-ultimate-target='#interactive-banner-wrap-9461 .ult-new-ib-title'  data-responsive-json-new='{\"font-size\":\"\",\"line-height\":\"\"}'  style=\"font-weight:normal;\"><\/h2><\/div><\/div>[\/vc_column][vc_column width=&#8221;1\/2&#8243;][vc_column_text]<\/p>\n<p style=\"text-align: justify;\">Quando se trata de pneus para motos, qualidade, seguran\u00e7a e desempenho s\u00e3o essenciais. Na Autorelli, oferecemos uma ampla sele\u00e7\u00e3o de pneus projetados especificamente para motocicletas, atendendo \u00e0s necessidades dos pilotos mais exigentes.<\/p>\n<p style=\"text-align: justify;\">Trabalhamos com marcas renomadas que s\u00e3o conhecidas por sua qualidade e desempenho excepcionais. Nossos pneus para motos s\u00e3o fabricados com materiais de alta qualidade e tecnologia avan\u00e7ada, garantindo durabilidade, resist\u00eancia ao desgaste e excelente ader\u00eancia em diferentes superf\u00edcies.<\/p>\n<p style=\"text-align: justify;\">Nossa equipe de especialistas est\u00e1 pronta para ajud\u00e1-lo a encontrar os pneus perfeitos para sua moto. Levamos em considera\u00e7\u00e3o fatores como tamanho, tipo de motocicleta e estilo de pilotagem, para garantir que voc\u00ea tenha a melhor combina\u00e7\u00e3o de pneus para atender \u00e0s suas necessidades espec\u00edficas.<\/p>\n<p style=\"text-align: justify;\">Al\u00e9m disso, oferecemos servi\u00e7os profissionais de instala\u00e7\u00e3o de pneus para motos. Nossos t\u00e9cnicos experientes utilizam equipamentos especializados para garantir uma montagem precisa e equilibrada dos pneus, garantindo um desempenho ideal e uma condu\u00e7\u00e3o segura.<\/p>\n<p style=\"text-align: justify;\">N\u00e3o comprometa sua seguran\u00e7a e desempenho. Escolha os pneus certos para sua moto na nossa loja. Visite-nos hoje mesmo, explore nossa ampla sele\u00e7\u00e3o de pneus para motos e deixe nossa equipe ajud\u00e1-lo a encontrar os pneus perfeitos para sua moto.<\/p>\n<p style=\"text-align: justify;\">Entre em contato conosco para obter mais informa\u00e7\u00f5es sobre nossos pneus para motos ou agende uma visita \u00e0 nossa loja. Estamos prontos para atender voc\u00ea e fornecer os melhores pneus para garantir a emo\u00e7\u00e3o, o conforto e a seguran\u00e7a da sua experi\u00eancia de pilotagem. Fa\u00e7a sua escolha certa com nossos pneus para motos de alta qualidade.<\/p>\n<p>[\/vc_column_text][\/vc_column][\/vc_row][vc_row][vc_column][vc_column_text]Trabalhamos com as marcas Maggion, Rinaldi e Pirelli.<\/p>\n\n\t\t\t<style type='text\/css'>\n\t\t\t\t#gallery-1 {\n\t\t\t\t\tmargin: auto;\n\t\t\t\t}\n\t\t\t\t#gallery-1 .gallery-item {\n\t\t\t\t\tfloat: left;\n\t\t\t\t\tmargin-top: 10px;\n\t\t\t\t\ttext-align: center;\n\t\t\t\t\twidth: 33%;\n\t\t\t\t}\n\t\t\t\t#gallery-1 img {\n\t\t\t\t\tborder: 2px solid #cfcfcf;\n\t\t\t\t}\n\t\t\t\t#gallery-1 .gallery-caption {\n\t\t\t\t\tmargin-left: 0;\n\t\t\t\t}\n\t\t\t\t\/* see gallery_shortcode() in wp-includes\/media.php *\/\n\t\t\t<\/style>\n\t\t<div id='gallery-1' class='dt-gallery-container gallery galleryid-768 gallery-columns-3 gallery-size-medium'><dl class='gallery-item'>\n\t\t\t\t<dt class='gallery-icon landscape'>\n\t\t\t\t\t<a class=\"rollover rollover-zoom dt-pswp-item\" title=\"504\" data-dt-img-description=\"\" data-large_image_width=\"800\" data-large_image_height=\"536\"data-description='' title='504' href='https:\/\/www.autorelli.com.br\/site\/wp-content\/uploads\/2019\/08\/504.jpg'><img loading=\"lazy\" decoding=\"async\" width=\"300\" height=\"201\" src=\"https:\/\/www.autorelli.com.br\/site\/wp-content\/uploads\/2019\/08\/504-300x201.jpg\" class=\"attachment-medium size-medium\" alt=\"\" srcset=\"https:\/\/www.autorelli.com.br\/site\/wp-content\/uploads\/2019\/08\/504-300x201.jpg 300w, https:\/\/www.autorelli.com.br\/site\/wp-content\/uploads\/2019\/08\/504.jpg 800w, https:\/\/www.autorelli.com.br\/site\/wp-content\/uploads\/2019\/08\/504-300x201@2x.jpg 600w\" sizes=\"auto, (max-width: 300px) 100vw, 300px\" \/><\/a>\n\t\t\t\t<\/dt><\/dl><dl class='gallery-item'>\n\t\t\t\t<dt class='gallery-icon landscape'>\n\t\t\t\t\t<a class=\"rollover rollover-zoom dt-pswp-item\" title=\"505\" data-dt-img-description=\"\" data-large_image_width=\"800\" data-large_image_height=\"536\"data-description='' title='505' href='https:\/\/www.autorelli.com.br\/site\/wp-content\/uploads\/2019\/08\/505.jpg'><img loading=\"lazy\" decoding=\"async\" width=\"300\" height=\"201\" src=\"https:\/\/www.autorelli.com.br\/site\/wp-content\/uploads\/2019\/08\/505-300x201.jpg\" class=\"attachment-medium size-medium\" alt=\"\" srcset=\"https:\/\/www.autorelli.com.br\/site\/wp-content\/uploads\/2019\/08\/505-300x201.jpg 300w, https:\/\/www.autorelli.com.br\/site\/wp-content\/uploads\/2019\/08\/505.jpg 800w, https:\/\/www.autorelli.com.br\/site\/wp-content\/uploads\/2019\/08\/505-300x201@2x.jpg 600w\" sizes=\"auto, (max-width: 300px) 100vw, 300px\" \/><\/a>\n\t\t\t\t<\/dt><\/dl><dl class='gallery-item'>\n\t\t\t\t<dt class='gallery-icon landscape'>\n\t\t\t\t\t<a class=\"rollover rollover-zoom dt-pswp-item\" title=\"506\" data-dt-img-description=\"\" data-large_image_width=\"800\" data-large_image_height=\"536\"data-description='' title='506' href='https:\/\/www.autorelli.com.br\/site\/wp-content\/uploads\/2019\/08\/506.jpg'><img loading=\"lazy\" decoding=\"async\" width=\"300\" height=\"201\" src=\"https:\/\/www.autorelli.com.br\/site\/wp-content\/uploads\/2019\/08\/506-300x201.jpg\" class=\"attachment-medium size-medium\" alt=\"\" srcset=\"https:\/\/www.autorelli.com.br\/site\/wp-content\/uploads\/2019\/08\/506-300x201.jpg 300w, https:\/\/www.autorelli.com.br\/site\/wp-content\/uploads\/2019\/08\/506.jpg 800w, https:\/\/www.autorelli.com.br\/site\/wp-content\/uploads\/2019\/08\/506-300x201@2x.jpg 600w\" sizes=\"auto, (max-width: 300px) 100vw, 300px\" \/><\/a>\n\t\t\t\t<\/dt><\/dl><br style=\"clear: both\" \/><dl class='gallery-item'>\n\t\t\t\t<dt class='gallery-icon landscape'>\n\t\t\t\t\t<a class=\"rollover rollover-zoom dt-pswp-item\" title=\"507\" data-dt-img-description=\"\" data-large_image_width=\"800\" data-large_image_height=\"536\"data-description='' title='507' href='https:\/\/www.autorelli.com.br\/site\/wp-content\/uploads\/2019\/08\/507.jpg'><img loading=\"lazy\" decoding=\"async\" width=\"300\" height=\"201\" src=\"https:\/\/www.autorelli.com.br\/site\/wp-content\/uploads\/2019\/08\/507-300x201.jpg\" class=\"attachment-medium size-medium\" alt=\"\" srcset=\"https:\/\/www.autorelli.com.br\/site\/wp-content\/uploads\/2019\/08\/507-300x201.jpg 300w, https:\/\/www.autorelli.com.br\/site\/wp-content\/uploads\/2019\/08\/507.jpg 800w, https:\/\/www.autorelli.com.br\/site\/wp-content\/uploads\/2019\/08\/507-300x201@2x.jpg 600w\" sizes=\"auto, (max-width: 300px) 100vw, 300px\" \/><\/a>\n\t\t\t\t<\/dt><\/dl><dl class='gallery-item'>\n\t\t\t\t<dt class='gallery-icon landscape'>\n\t\t\t\t\t<a class=\"rollover rollover-zoom dt-pswp-item\" title=\"508\" data-dt-img-description=\"\" data-large_image_width=\"800\" data-large_image_height=\"536\"data-description='' title='508' href='https:\/\/www.autorelli.com.br\/site\/wp-content\/uploads\/2019\/08\/508.jpg'><img loading=\"lazy\" decoding=\"async\" width=\"300\" height=\"201\" src=\"https:\/\/www.autorelli.com.br\/site\/wp-content\/uploads\/2019\/08\/508-300x201.jpg\" class=\"attachment-medium size-medium\" alt=\"\" srcset=\"https:\/\/www.autorelli.com.br\/site\/wp-content\/uploads\/2019\/08\/508-300x201.jpg 300w, https:\/\/www.autorelli.com.br\/site\/wp-content\/uploads\/2019\/08\/508.jpg 800w, https:\/\/www.autorelli.com.br\/site\/wp-content\/uploads\/2019\/08\/508-300x201@2x.jpg 600w\" sizes=\"auto, (max-width: 300px) 100vw, 300px\" \/><\/a>\n\t\t\t\t<\/dt><\/dl><dl class='gallery-item'>\n\t\t\t\t<dt class='gallery-icon landscape'>\n\t\t\t\t\t<a class=\"rollover rollover-zoom dt-pswp-item\" title=\"509\" data-dt-img-description=\"\" data-large_image_width=\"800\" data-large_image_height=\"445\"data-description='' title='509' href='https:\/\/www.autorelli.com.br\/site\/wp-content\/uploads\/2019\/08\/509.jpg'><img loading=\"lazy\" decoding=\"async\" width=\"300\" height=\"167\" src=\"https:\/\/www.autorelli.com.br\/site\/wp-content\/uploads\/2019\/08\/509-300x167.jpg\" class=\"attachment-medium size-medium\" alt=\"\" srcset=\"https:\/\/www.autorelli.com.br\/site\/wp-content\/uploads\/2019\/08\/509-300x167.jpg 300w, https:\/\/www.autorelli.com.br\/site\/wp-content\/uploads\/2019\/08\/509.jpg 800w, https:\/\/www.autorelli.com.br\/site\/wp-content\/uploads\/2019\/08\/509-300x167@2x.jpg 600w\" sizes=\"auto, (max-width: 300px) 100vw, 300px\" \/><\/a>\n\t\t\t\t<\/dt><\/dl><br style=\"clear: both\" \/><dl class='gallery-item'>\n\t\t\t\t<dt class='gallery-icon landscape'>\n\t\t\t\t\t<a class=\"rollover rollover-zoom dt-pswp-item\" title=\"510\" data-dt-img-description=\"\" data-large_image_width=\"800\" data-large_image_height=\"496\"data-description='' title='510' href='https:\/\/www.autorelli.com.br\/site\/wp-content\/uploads\/2019\/08\/510.jpg'><img loading=\"lazy\" decoding=\"async\" width=\"300\" height=\"186\" src=\"https:\/\/www.autorelli.com.br\/site\/wp-content\/uploads\/2019\/08\/510-300x186.jpg\" class=\"attachment-medium size-medium\" alt=\"\" srcset=\"https:\/\/www.autorelli.com.br\/site\/wp-content\/uploads\/2019\/08\/510-300x186.jpg 300w, https:\/\/www.autorelli.com.br\/site\/wp-content\/uploads\/2019\/08\/510.jpg 800w, https:\/\/www.autorelli.com.br\/site\/wp-content\/uploads\/2019\/08\/510-300x186@2x.jpg 600w\" sizes=\"auto, (max-width: 300px) 100vw, 300px\" \/><\/a>\n\t\t\t\t<\/dt><\/dl><dl class='gallery-item'>\n\t\t\t\t<dt class='gallery-icon landscape'>\n\t\t\t\t\t<a class=\"rollover rollover-zoom dt-pswp-item\" title=\"511\" data-dt-img-description=\"\" data-large_image_width=\"800\" data-large_image_height=\"477\"data-description='' title='511' href='https:\/\/www.autorelli.com.br\/site\/wp-content\/uploads\/2019\/08\/511.jpg'><img loading=\"lazy\" decoding=\"async\" width=\"300\" height=\"179\" src=\"https:\/\/www.autorelli.com.br\/site\/wp-content\/uploads\/2019\/08\/511-300x179.jpg\" class=\"attachment-medium size-medium\" alt=\"\" srcset=\"https:\/\/www.autorelli.com.br\/site\/wp-content\/uploads\/2019\/08\/511-300x179.jpg 300w, https:\/\/www.autorelli.com.br\/site\/wp-content\/uploads\/2019\/08\/511.jpg 800w, https:\/\/www.autorelli.com.br\/site\/wp-content\/uploads\/2019\/08\/511-300x179@2x.jpg 600w\" sizes=\"auto, (max-width: 300px) 100vw, 300px\" \/><\/a>\n\t\t\t\t<\/dt><\/dl><dl class='gallery-item'>\n\t\t\t\t<dt class='gallery-icon landscape'>\n\t\t\t\t\t<a class=\"rollover rollover-zoom dt-pswp-item\" title=\"penus-moto\" data-dt-img-description=\"\" data-large_image_width=\"800\" data-large_image_height=\"536\"data-description='' title='penus-moto' href='https:\/\/www.autorelli.com.br\/site\/wp-content\/uploads\/2019\/08\/penus-moto.jpg'><img loading=\"lazy\" decoding=\"async\" width=\"300\" height=\"201\" src=\"https:\/\/www.autorelli.com.br\/site\/wp-content\/uploads\/2019\/08\/penus-moto-300x201.jpg\" class=\"attachment-medium size-medium\" alt=\"\" srcset=\"https:\/\/www.autorelli.com.br\/site\/wp-content\/uploads\/2019\/08\/penus-moto-300x201.jpg 300w, https:\/\/www.autorelli.com.br\/site\/wp-content\/uploads\/2019\/08\/penus-moto.jpg 800w, https:\/\/www.autorelli.com.br\/site\/wp-content\/uploads\/2019\/08\/penus-moto-300x201@2x.jpg 600w\" sizes=\"auto, (max-width: 300px) 100vw, 300px\" \/><\/a>\n\t\t\t\t<\/dt><\/dl><br style=\"clear: both\" \/><dl class='gallery-item'>\n\t\t\t\t<dt class='gallery-icon landscape'>\n\t\t\t\t\t<a class=\"rollover rollover-zoom dt-pswp-item\" title=\"pneu-moto\" data-dt-img-description=\"\" data-large_image_width=\"800\" data-large_image_height=\"640\"data-description='' title='pneu-moto' href='https:\/\/www.autorelli.com.br\/site\/wp-content\/uploads\/2019\/08\/pneu-moto.jpg'><img loading=\"lazy\" decoding=\"async\" width=\"300\" height=\"240\" src=\"https:\/\/www.autorelli.com.br\/site\/wp-content\/uploads\/2019\/08\/pneu-moto-300x240.jpg\" class=\"attachment-medium size-medium\" alt=\"\" srcset=\"https:\/\/www.autorelli.com.br\/site\/wp-content\/uploads\/2019\/08\/pneu-moto-300x240.jpg 300w, https:\/\/www.autorelli.com.br\/site\/wp-content\/uploads\/2019\/08\/pneu-moto.jpg 800w, https:\/\/www.autorelli.com.br\/site\/wp-content\/uploads\/2019\/08\/pneu-moto-300x240@2x.jpg 600w\" sizes=\"auto, (max-width: 300px) 100vw, 300px\" \/><\/a>\n\t\t\t\t<\/dt><\/dl><dl class='gallery-item'>\n\t\t\t\t<dt class='gallery-icon landscape'>\n\t\t\t\t\t<a class=\"rollover rollover-zoom dt-pswp-item\" title=\"pneus-moto-2\" data-dt-img-description=\"\" data-large_image_width=\"800\" data-large_image_height=\"620\"data-description='' title='pneus-moto-2' href='https:\/\/www.autorelli.com.br\/site\/wp-content\/uploads\/2019\/08\/pneus-moto-2.jpg'><img loading=\"lazy\" decoding=\"async\" width=\"300\" height=\"233\" src=\"https:\/\/www.autorelli.com.br\/site\/wp-content\/uploads\/2019\/08\/pneus-moto-2-300x233.jpg\" class=\"attachment-medium size-medium\" alt=\"\" srcset=\"https:\/\/www.autorelli.com.br\/site\/wp-content\/uploads\/2019\/08\/pneus-moto-2-300x233.jpg 300w, https:\/\/www.autorelli.com.br\/site\/wp-content\/uploads\/2019\/08\/pneus-moto-2.jpg 800w, https:\/\/www.autorelli.com.br\/site\/wp-content\/uploads\/2019\/08\/pneus-moto-2-300x233@2x.jpg 600w\" sizes=\"auto, (max-width: 300px) 100vw, 300px\" \/><\/a>\n\t\t\t\t<\/dt><\/dl>\n\t\t\t\t<br style='clear: both' \/>\n\t\t\t<\/div>\n\n<p>[\/vc_column_text][\/vc_column][\/vc_row]<\/p>\n","protected":false},"excerpt":{"rendered":"<p>[vc_row][vc_column width=&#8221;1\/2&#8243;][\/vc_column][vc_column width=&#8221;1\/2&#8243;][vc_column_text] Quando se trata de pneus para motos, qualidade, seguran\u00e7a e desempenho s\u00e3o essenciais. Na Autorelli, oferecemos uma ampla sele\u00e7\u00e3o de pneus projetados especificamente para motocicletas, atendendo \u00e0s necessidades dos pilotos mais exigentes. Trabalhamos com marcas renomadas que s\u00e3o conhecidas por sua qualidade e desempenho excepcionais. Nossos pneus para motos s\u00e3o fabricados com&hellip;<\/p>\n","protected":false},"author":2,"featured_media":0,"parent":8,"menu_order":1,"comment_status":"open","ping_status":"closed","template":"","meta":{"give_campaign_id":0,"footnotes":""},"class_list":["post-53","page","type-page","status-publish","hentry","gallery-content-unit","description-off"],"campaignId":"","_links":{"self":[{"href":"https:\/\/www.autorelli.com.br\/site\/wp-json\/wp\/v2\/pages\/53","targetHints":{"allow":["GET"]}}],"collection":[{"href":"https:\/\/www.autorelli.com.br\/site\/wp-json\/wp\/v2\/pages"}],"about":[{"href":"https:\/\/www.autorelli.com.br\/site\/wp-json\/wp\/v2\/types\/page"}],"author":[{"embeddable":true,"href":"https:\/\/www.autorelli.com.br\/site\/wp-json\/wp\/v2\/users\/2"}],"replies":[{"embeddable":true,"href":"https:\/\/www.autorelli.com.br\/site\/wp-json\/wp\/v2\/comments?post=53"}],"version-history":[{"count":2,"href":"https:\/\/www.autorelli.com.br\/site\/wp-json\/wp\/v2\/pages\/53\/revisions"}],"predecessor-version":[{"id":1724,"href":"https:\/\/www.autorelli.com.br\/site\/wp-json\/wp\/v2\/pages\/53\/revisions\/1724"}],"up":[{"embeddable":true,"href":"https:\/\/www.autorelli.com.br\/site\/wp-json\/wp\/v2\/pages\/8"}],"wp:attachment":[{"href":"https:\/\/www.autorelli.com.br\/site\/wp-json\/wp\/v2\/media?parent=53"}],"curies":[{"name":"wp","href":"https:\/\/api.w.org\/{rel}","templated":true}]}}