{"id":85,"date":"2012-06-13T12:03:38","date_gmt":"2012-06-13T12:03:38","guid":{"rendered":"http:\/\/www.autorelli.com.br\/site\/?page_id=85"},"modified":"2023-06-29T21:25:27","modified_gmt":"2023-06-29T21:25:27","slug":"pneus-para-caminhonetes","status":"publish","type":"page","link":"https:\/\/www.autorelli.com.br\/site\/produtos\/pneus-para-caminhonetes\/","title":{"rendered":"PNEUS PARA CAMINHONETES"},"content":{"rendered":"<p>[vc_row][vc_column][vc_column_text]Trabalhamos com diversas medidas e marcas nacionais e importados.<\/p>\n<p>[\/vc_column_text][\/vc_column][\/vc_row][vc_row][vc_column width=&#8221;1\/2&#8243;][vc_single_image image=&#8221;1720&#8243; img_size=&#8221;full&#8221; css_animation=&#8221;fadeInUp&#8221; lazy_loading=&#8221;true&#8221;][\/vc_column][vc_column width=&#8221;1\/2&#8243;][vc_column_text]<\/p>\n<p style=\"text-align: justify;\">Quando se trata de pneus para caminhonetes, resist\u00eancia, tra\u00e7\u00e3o e durabilidade s\u00e3o fundamentais. Na nossa loja, oferecemos uma ampla gama de pneus especialmente projetados para caminhonetes, atendendo \u00e0s necessidades dos motoristas que buscam desempenho confi\u00e1vel tanto na estrada quanto fora dela.<\/p>\n<p style=\"text-align: justify;\">Nossos pneus para caminhonetes s\u00e3o constru\u00eddos com materiais de alta qualidade, projetados para suportar cargas pesadas, resistir a impactos e oferecer excelente tra\u00e7\u00e3o em diferentes tipos de superf\u00edcies. Seja para uso urbano, estradas pavimentadas ou trilhas off-road, temos os pneus certos para atender \u00e0s suas necessidades espec\u00edficas.<\/p>\n<p style=\"text-align: justify;\">N\u00e3o comprometa o desempenho e a seguran\u00e7a da sua caminhonete. Escolha pneus de qualidade superior na nossa loja. Visite-nos hoje mesmo, explore nossa variedade de pneus para caminhonetes e deixe nossa equipe especializada ajud\u00e1-lo a encontrar os pneus perfeitos para sua caminhonete.<\/p>\n<p style=\"text-align: justify;\">Entre em contato conosco para obter mais informa\u00e7\u00f5es sobre nossos pneus para caminhonetes ou agende uma visita \u00e0 nossa loja. Estamos prontos para fornecer os melhores pneus, garantindo que sua caminhonete esteja equipada com o desempenho e a durabilidade necess\u00e1rios para enfrentar qualquer desafio. Com nossos pneus para caminhonetes de qualidade, voc\u00ea pode desfrutar de uma experi\u00eancia de condu\u00e7\u00e3o confi\u00e1vel, seja na estrada ou fora dela.<\/p>\n<p>[\/vc_column_text][\/vc_column][\/vc_row][vc_row][vc_column][vc_column_text]<\/p>\n\n\t\t\t<style type='text\/css'>\n\t\t\t\t#gallery-1 {\n\t\t\t\t\tmargin: auto;\n\t\t\t\t}\n\t\t\t\t#gallery-1 .gallery-item {\n\t\t\t\t\tfloat: left;\n\t\t\t\t\tmargin-top: 10px;\n\t\t\t\t\ttext-align: center;\n\t\t\t\t\twidth: 20%;\n\t\t\t\t}\n\t\t\t\t#gallery-1 img {\n\t\t\t\t\tborder: 2px solid #cfcfcf;\n\t\t\t\t}\n\t\t\t\t#gallery-1 .gallery-caption {\n\t\t\t\t\tmargin-left: 0;\n\t\t\t\t}\n\t\t\t\t\/* see gallery_shortcode() in wp-includes\/media.php *\/\n\t\t\t<\/style>\n\t\t<div id='gallery-1' class='dt-gallery-container gallery galleryid-1725 gallery-columns-5 gallery-size-thumbnail'><dl class='gallery-item'>\n\t\t\t\t<dt class='gallery-icon landscape'>\n\t\t\t\t\t<a class=\"rollover rollover-zoom dt-pswp-item\" title=\"0103\" data-dt-img-description=\"\" data-large_image_width=\"2560\" data-large_image_height=\"1707\"data-description='' title='0103' href='https:\/\/www.autorelli.com.br\/site\/wp-content\/uploads\/2023\/06\/0103-scaled.jpg'><img decoding=\"async\" width=\"150\" height=\"150\" src=\"https:\/\/www.autorelli.com.br\/site\/wp-content\/uploads\/2023\/06\/0103-150x150.jpg\" class=\"attachment-thumbnail size-thumbnail\" alt=\"\" srcset=\"https:\/\/www.autorelli.com.br\/site\/wp-content\/uploads\/2023\/06\/0103-150x150.jpg 150w, https:\/\/www.autorelli.com.br\/site\/wp-content\/uploads\/2023\/06\/0103-150x150@2x.jpg 300w\" sizes=\"(max-width: 150px) 100vw, 150px\" \/><\/a>\n\t\t\t\t<\/dt><\/dl><dl class='gallery-item'>\n\t\t\t\t<dt class='gallery-icon landscape'>\n\t\t\t\t\t<a class=\"rollover rollover-zoom dt-pswp-item\" title=\"0101\" data-dt-img-description=\"\" data-large_image_width=\"2560\" data-large_image_height=\"1707\"data-description='' title='0101' href='https:\/\/www.autorelli.com.br\/site\/wp-content\/uploads\/2023\/06\/0101-scaled.jpg'><img decoding=\"async\" width=\"150\" height=\"150\" src=\"https:\/\/www.autorelli.com.br\/site\/wp-content\/uploads\/2023\/06\/0101-150x150.jpg\" class=\"attachment-thumbnail size-thumbnail\" alt=\"\" srcset=\"https:\/\/www.autorelli.com.br\/site\/wp-content\/uploads\/2023\/06\/0101-150x150.jpg 150w, https:\/\/www.autorelli.com.br\/site\/wp-content\/uploads\/2023\/06\/0101-150x150@2x.jpg 300w\" sizes=\"(max-width: 150px) 100vw, 150px\" \/><\/a>\n\t\t\t\t<\/dt><\/dl><dl class='gallery-item'>\n\t\t\t\t<dt class='gallery-icon landscape'>\n\t\t\t\t\t<a class=\"rollover rollover-zoom dt-pswp-item\" title=\"0098\" data-dt-img-description=\"\" data-large_image_width=\"2560\" data-large_image_height=\"1707\"data-description='' title='0098' href='https:\/\/www.autorelli.com.br\/site\/wp-content\/uploads\/2023\/06\/0098-scaled.jpg'><img decoding=\"async\" width=\"150\" height=\"150\" src=\"https:\/\/www.autorelli.com.br\/site\/wp-content\/uploads\/2023\/06\/0098-150x150.jpg\" class=\"attachment-thumbnail size-thumbnail\" alt=\"\" srcset=\"https:\/\/www.autorelli.com.br\/site\/wp-content\/uploads\/2023\/06\/0098-150x150.jpg 150w, https:\/\/www.autorelli.com.br\/site\/wp-content\/uploads\/2023\/06\/0098-150x150@2x.jpg 300w\" sizes=\"(max-width: 150px) 100vw, 150px\" \/><\/a>\n\t\t\t\t<\/dt><\/dl><dl class='gallery-item'>\n\t\t\t\t<dt class='gallery-icon portrait'>\n\t\t\t\t\t<a class=\"rollover rollover-zoom dt-pswp-item\" title=\"0097\" data-dt-img-description=\"\" data-large_image_width=\"1707\" data-large_image_height=\"2560\"data-description='' title='0097' href='https:\/\/www.autorelli.com.br\/site\/wp-content\/uploads\/2023\/06\/0097-scaled.jpg'><img loading=\"lazy\" decoding=\"async\" width=\"150\" height=\"150\" src=\"https:\/\/www.autorelli.com.br\/site\/wp-content\/uploads\/2023\/06\/0097-150x150.jpg\" class=\"attachment-thumbnail size-thumbnail\" alt=\"\" srcset=\"https:\/\/www.autorelli.com.br\/site\/wp-content\/uploads\/2023\/06\/0097-150x150.jpg 150w, https:\/\/www.autorelli.com.br\/site\/wp-content\/uploads\/2023\/06\/0097-150x150@2x.jpg 300w\" sizes=\"(max-width: 150px) 100vw, 150px\" \/><\/a>\n\t\t\t\t<\/dt><\/dl><dl class='gallery-item'>\n\t\t\t\t<dt class='gallery-icon portrait'>\n\t\t\t\t\t<a class=\"rollover rollover-zoom dt-pswp-item\" title=\"0100\" data-dt-img-description=\"\" data-large_image_width=\"1707\" data-large_image_height=\"2560\"data-description='' title='0100' href='https:\/\/www.autorelli.com.br\/site\/wp-content\/uploads\/2023\/06\/0100-scaled.jpg'><img loading=\"lazy\" decoding=\"async\" width=\"150\" height=\"150\" src=\"https:\/\/www.autorelli.com.br\/site\/wp-content\/uploads\/2023\/06\/0100-150x150.jpg\" class=\"attachment-thumbnail size-thumbnail\" alt=\"\" srcset=\"https:\/\/www.autorelli.com.br\/site\/wp-content\/uploads\/2023\/06\/0100-150x150.jpg 150w, https:\/\/www.autorelli.com.br\/site\/wp-content\/uploads\/2023\/06\/0100-150x150@2x.jpg 300w\" sizes=\"(max-width: 150px) 100vw, 150px\" \/><\/a>\n\t\t\t\t<\/dt><\/dl><br style=\"clear: both\" \/>\n\t\t\t<\/div>\n\n<p>[\/vc_column_text][\/vc_column][\/vc_row]<\/p>\n","protected":false},"excerpt":{"rendered":"<p>[vc_row][vc_column][vc_column_text]Trabalhamos com diversas medidas e marcas nacionais e importados. [\/vc_column_text][\/vc_column][\/vc_row][vc_row][vc_column width=&#8221;1\/2&#8243;][vc_single_image image=&#8221;1720&#8243; img_size=&#8221;full&#8221; css_animation=&#8221;fadeInUp&#8221; lazy_loading=&#8221;true&#8221;][\/vc_column][vc_column width=&#8221;1\/2&#8243;][vc_column_text] Quando se trata de pneus para caminhonetes, resist\u00eancia, tra\u00e7\u00e3o e durabilidade s\u00e3o fundamentais. Na nossa loja, oferecemos uma ampla gama de pneus especialmente projetados para caminhonetes, atendendo \u00e0s necessidades dos motoristas que buscam desempenho confi\u00e1vel tanto na estrada quanto&hellip;<\/p>\n","protected":false},"author":2,"featured_media":0,"parent":8,"menu_order":3,"comment_status":"open","ping_status":"closed","template":"","meta":{"give_campaign_id":0,"footnotes":""},"class_list":["post-85","page","type-page","status-publish","hentry","gallery-content-unit","description-off"],"campaignId":"","_links":{"self":[{"href":"https:\/\/www.autorelli.com.br\/site\/wp-json\/wp\/v2\/pages\/85","targetHints":{"allow":["GET"]}}],"collection":[{"href":"https:\/\/www.autorelli.com.br\/site\/wp-json\/wp\/v2\/pages"}],"about":[{"href":"https:\/\/www.autorelli.com.br\/site\/wp-json\/wp\/v2\/types\/page"}],"author":[{"embeddable":true,"href":"https:\/\/www.autorelli.com.br\/site\/wp-json\/wp\/v2\/users\/2"}],"replies":[{"embeddable":true,"href":"https:\/\/www.autorelli.com.br\/site\/wp-json\/wp\/v2\/comments?post=85"}],"version-history":[{"count":3,"href":"https:\/\/www.autorelli.com.br\/site\/wp-json\/wp\/v2\/pages\/85\/revisions"}],"predecessor-version":[{"id":1734,"href":"https:\/\/www.autorelli.com.br\/site\/wp-json\/wp\/v2\/pages\/85\/revisions\/1734"}],"up":[{"embeddable":true,"href":"https:\/\/www.autorelli.com.br\/site\/wp-json\/wp\/v2\/pages\/8"}],"wp:attachment":[{"href":"https:\/\/www.autorelli.com.br\/site\/wp-json\/wp\/v2\/media?parent=85"}],"curies":[{"name":"wp","href":"https:\/\/api.w.org\/{rel}","templated":true}]}}